{"id":2795,"date":"2020-11-25T20:22:17","date_gmt":"2020-11-25T19:22:17","guid":{"rendered":"https:\/\/www.tsg-bastheim.de\/?page_id=2795"},"modified":"2021-07-15T20:52:52","modified_gmt":"2021-07-15T19:52:52","slug":"vermietung","status":"publish","type":"page","link":"https:\/\/www.tsg-bastheim.de\/?page_id=2795","title":{"rendered":"Vermietung"},"content":{"rendered":"<div data-colibri-id=\"2795-c1\" class=\"style-1004 style-local-2795-c1 position-relative\">\n  <!---->\n  <div data-colibri-component=\"section\" data-colibri-id=\"2795-c2\" id=\"custom\" class=\"h-section h-section-global-spacing d-flex align-items-lg-center align-items-md-center align-items-center style-1005 style-local-2795-c2 position-relative\">\n    <!---->\n    <!---->\n    <div class=\"h-section-grid-container h-section-boxed-container\">\n      <!---->\n      <div data-colibri-id=\"2795-c3\" class=\"h-row-container gutters-row-lg-1 gutters-row-md-1 gutters-row-0 gutters-row-v-lg-1 gutters-row-v-md-1 gutters-row-v-1 style-1006 style-local-2795-c3 position-relative\">\n        <!---->\n        <div class=\"h-row justify-content-lg-center justify-content-md-center justify-content-center align-items-lg-center align-items-md-center align-items-center gutters-col-lg-1 gutters-col-md-1 gutters-col-0 gutters-col-v-lg-1 gutters-col-v-md-1 gutters-col-v-1\">\n          <!---->\n          <div class=\"h-column h-column-container d-flex h-col-lg-auto h-col-md-auto h-col-auto align-self-lg-center align-self-md-center align-self-center style-1007-outer style-local-2795-c4-outer\">\n            <div data-colibri-id=\"2795-c4\" class=\"d-flex h-flex-basis h-column__inner h-px-lg-1 h-px-md-1 h-px-1 v-inner-lg-1 v-inner-md-1 v-inner-1 style-1007 style-local-2795-c4 position-relative\">\n              <!---->\n              <!---->\n              <div class=\"w-100 h-y-container h-column__content h-column__v-align flex-basis-100 align-self-lg-start align-self-md-start align-self-start\">\n                <!---->\n                <div data-colibri-id=\"2795-c5\" class=\"h-text h-text-component style-1008 style-local-2795-c5 position-relative h-element\">\n                  <!---->\n                  <!---->\n                  <div class=\"\">\n                    <p><strong style=\"font-weight: 800; color: rgb(7, 7, 7);\">Das Sportheim der TSG Bastheim kann auch gemietet werden.<\/strong><\/p>\n                    <p><strong style=\"font-weight: 800; color: rgb(7, 7, 7);\">Egal ob Hochzeit, Geburtstag, Taufe oder \u00e4hnlichem. <\/strong><\/p>\n                    <p><strong style=\"font-weight: 800; color: rgb(7, 7, 7);\">Feiern Sie ihre besonderen Tage bei sch\u00f6nem Ambiente in unserem Sportheim.<\/strong><\/p>\n                    <p><strong style=\"font-weight: 800; color: rgb(7, 7, 7);\">Vermietungen k\u00f6nnen \u00fcber tsg-bastheim@gmx.de oder direkt bei Burkhard Leicht angefragt werden.<\/strong><\/p>\n                  <\/div>\n                <\/div>\n              <\/div>\n            <\/div>\n          <\/div>\n        <\/div>\n      <\/div>\n    <\/div>\n  <\/div>\n  <div data-colibri-component=\"section\" data-colibri-id=\"2795-c6\" id=\"custom-2\" class=\"h-section h-section-global-spacing d-flex align-items-lg-center align-items-md-center align-items-center style-1009 style-local-2795-c6 position-relative\">\n    <!---->\n    <!---->\n    <div class=\"h-section-grid-container h-section-boxed-container\">\n      <!---->\n      <div data-colibri-id=\"2795-c7\" class=\"h-row-container gutters-row-lg-2 gutters-row-md-2 gutters-row-0 gutters-row-v-lg-2 gutters-row-v-md-2 gutters-row-v-2 style-1010 style-local-2795-c7 position-relative\">\n        <!---->\n        <div class=\"h-row justify-content-lg-center justify-content-md-center justify-content-center align-items-lg-stretch align-items-md-stretch align-items-stretch gutters-col-lg-2 gutters-col-md-2 gutters-col-0 gutters-col-v-lg-2 gutters-col-v-md-2 gutters-col-v-2\">\n          <!---->\n          <div class=\"h-column h-column-container d-flex h-col-lg-auto h-col-md-auto h-col-auto style-1011-outer style-local-2795-c8-outer\">\n            <div data-colibri-id=\"2795-c8\" class=\"d-flex h-flex-basis h-column__inner h-px-lg-2 h-px-md-2 h-px-2 v-inner-lg-2 v-inner-md-2 v-inner-2 style-1011 style-local-2795-c8 position-relative\">\n              <!---->\n              <!---->\n              <div class=\"w-100 h-y-container h-column__content h-column__v-align flex-basis-100 align-self-lg-start align-self-md-start align-self-start\">\n                <!---->\n                <div data-colibri-component=\"masonry\" data-colibri-id=\"2795-c9\" class=\"h-photo-gallery margin-none caption-displayTrue caption-vertical-align-top style-1014 style-local-2795-c9 position-relative h-element\">\n                  <!---->\n                  <div class=\"h-global-transition-all\"><div id='colibri-2795-c9' class='gallery-wrapper'>    <style type=\"text\/css\">\n\n        @media (min-width: 1023px) {        #colibri-2795-c9        dl {\n            float: left;\n            width: 25% !important;\n            max-width: 25% !important;\n            min-width: 25% !important;\n        }\n\n        #colibri-2795-c9        dl:nth-of-type(4n +1 ) {\n            clear: both;\n        }\n\n        }@media (min-width: 768px) and (max-width: 1023px) {        #colibri-2795-c9        dl {\n            float: left;\n            width: 25% !important;\n            max-width: 25% !important;\n            min-width: 25% !important;\n        }\n\n        #colibri-2795-c9        dl:nth-of-type(4n +1 ) {\n            clear: both;\n        }\n\n        }@media (max-width: 767px) {        #colibri-2795-c9        dl {\n            float: left;\n            width: 25% !important;\n            max-width: 25% !important;\n            min-width: 25% !important;\n        }\n\n        #colibri-2795-c9        dl:nth-of-type(4n +1 ) {\n            clear: both;\n        }\n\n        }\n        #colibri-2795-c9        .gallery-item {\n            position: relative;\n        }\n\n        \n    <\/style>\n    <div   class='colibri-2795-c9-dls-wrapper gallery-items-wrapper' ><dl class='gallery-item masonry-item'>\n\t\t\t<dt class='gallery-icon landscape'>\n\t\t\t\t<img fetchpriority=\"high\" decoding=\"async\"  width=\"634\" height=\"454\" src=\"https:\/\/www.tsg-bastheim.de\/wp-content\/uploads\/2021\/07\/Unbenannt.jpg\"  class='colibri-2795-c9-image' alt=\"\" srcset=\"https:\/\/www.tsg-bastheim.de\/wp-content\/uploads\/2021\/07\/Unbenannt.jpg 634w, https:\/\/www.tsg-bastheim.de\/wp-content\/uploads\/2021\/07\/Unbenannt-300x215.jpg 300w\" sizes=\"(max-width: 634px) 100vw, 634px\" \/>\n\t\t\t<\/dt><\/dl><dl class='gallery-item masonry-item'>\n\t\t\t<dt class='gallery-icon landscape'>\n\t\t\t\t<img decoding=\"async\"  width=\"640\" height=\"480\" src=\"https:\/\/www.tsg-bastheim.de\/wp-content\/uploads\/2021\/07\/sportheim_08-06-01_016.jpg\"  class='colibri-2795-c9-image' alt=\"\" srcset=\"https:\/\/www.tsg-bastheim.de\/wp-content\/uploads\/2021\/07\/sportheim_08-06-01_016.jpg 640w, https:\/\/www.tsg-bastheim.de\/wp-content\/uploads\/2021\/07\/sportheim_08-06-01_016-300x225.jpg 300w\" sizes=\"(max-width: 640px) 100vw, 640px\" \/>\n\t\t\t<\/dt><\/dl><dl class='gallery-item masonry-item'>\n\t\t\t<dt class='gallery-icon landscape'>\n\t\t\t\t<img decoding=\"async\"  width=\"448\" height=\"336\" src=\"https:\/\/www.tsg-bastheim.de\/wp-content\/uploads\/2021\/07\/innen-4-web.jpg\"  class='colibri-2795-c9-image' alt=\"\" srcset=\"https:\/\/www.tsg-bastheim.de\/wp-content\/uploads\/2021\/07\/innen-4-web.jpg 448w, https:\/\/www.tsg-bastheim.de\/wp-content\/uploads\/2021\/07\/innen-4-web-300x225.jpg 300w\" sizes=\"(max-width: 448px) 100vw, 448px\" \/>\n\t\t\t<\/dt><\/dl><dl class='gallery-item masonry-item'>\n\t\t\t<dt class='gallery-icon landscape'>\n\t\t\t\t<img loading=\"lazy\" decoding=\"async\"  width=\"448\" height=\"336\" src=\"https:\/\/www.tsg-bastheim.de\/wp-content\/uploads\/2021\/07\/innen-3-web.jpg\"  class='colibri-2795-c9-image' alt=\"\" srcset=\"https:\/\/www.tsg-bastheim.de\/wp-content\/uploads\/2021\/07\/innen-3-web.jpg 448w, https:\/\/www.tsg-bastheim.de\/wp-content\/uploads\/2021\/07\/innen-3-web-300x225.jpg 300w\" sizes=\"(max-width: 448px) 100vw, 448px\" \/>\n\t\t\t<\/dt><\/dl><dl class='gallery-item masonry-item'>\n\t\t\t<dt class='gallery-icon landscape'>\n\t\t\t\t<img loading=\"lazy\" decoding=\"async\"  width=\"448\" height=\"336\" src=\"https:\/\/www.tsg-bastheim.de\/wp-content\/uploads\/2021\/07\/innen-5-web.jpg\"  class='colibri-2795-c9-image' alt=\"\" srcset=\"https:\/\/www.tsg-bastheim.de\/wp-content\/uploads\/2021\/07\/innen-5-web.jpg 448w, https:\/\/www.tsg-bastheim.de\/wp-content\/uploads\/2021\/07\/innen-5-web-300x225.jpg 300w\" sizes=\"(max-width: 448px) 100vw, 448px\" \/>\n\t\t\t<\/dt><\/dl><dl class='gallery-item masonry-item'>\n\t\t\t<dt class='gallery-icon landscape'>\n\t\t\t\t<img loading=\"lazy\" decoding=\"async\"  width=\"640\" height=\"480\" src=\"https:\/\/www.tsg-bastheim.de\/wp-content\/uploads\/2021\/07\/sportheim_08-06-01_009.jpg\"  class='colibri-2795-c9-image' alt=\"\" srcset=\"https:\/\/www.tsg-bastheim.de\/wp-content\/uploads\/2021\/07\/sportheim_08-06-01_009.jpg 640w, https:\/\/www.tsg-bastheim.de\/wp-content\/uploads\/2021\/07\/sportheim_08-06-01_009-300x225.jpg 300w\" sizes=\"(max-width: 640px) 100vw, 640px\" \/>\n\t\t\t<\/dt><\/dl><dl class='gallery-item masonry-item'>\n\t\t\t<dt class='gallery-icon landscape'>\n\t\t\t\t<img loading=\"lazy\" decoding=\"async\"  width=\"640\" height=\"480\" src=\"https:\/\/www.tsg-bastheim.de\/wp-content\/uploads\/2021\/07\/sportheim_08-06-01_014.jpg\"  class='colibri-2795-c9-image' alt=\"\" srcset=\"https:\/\/www.tsg-bastheim.de\/wp-content\/uploads\/2021\/07\/sportheim_08-06-01_014.jpg 640w, https:\/\/www.tsg-bastheim.de\/wp-content\/uploads\/2021\/07\/sportheim_08-06-01_014-300x225.jpg 300w\" sizes=\"(max-width: 640px) 100vw, 640px\" \/>\n\t\t\t<\/dt><\/dl><dl class='gallery-item masonry-item'>\n\t\t\t<dt class='gallery-icon landscape'>\n\t\t\t\t<img loading=\"lazy\" decoding=\"async\"  width=\"448\" height=\"336\" src=\"https:\/\/www.tsg-bastheim.de\/wp-content\/uploads\/2021\/07\/Zelt-aussen-web.jpg\"  class='colibri-2795-c9-image' alt=\"\" srcset=\"https:\/\/www.tsg-bastheim.de\/wp-content\/uploads\/2021\/07\/Zelt-aussen-web.jpg 448w, https:\/\/www.tsg-bastheim.de\/wp-content\/uploads\/2021\/07\/Zelt-aussen-web-300x225.jpg 300w\" sizes=\"(max-width: 448px) 100vw, 448px\" \/>\n\t\t\t<\/dt><\/dl>\n\t\t<\/div>\n<style>#colibri-2795-c9 .wp-caption-text.gallery-caption{display:none;}<\/style><\/div><\/div>\n                <\/div>\n              <\/div>\n            <\/div>\n          <\/div>\n        <\/div>\n      <\/div>\n    <\/div>\n  <\/div>\n<\/div>","protected":false},"excerpt":{"rendered":"<p>Das Sportheim der TSG Bastheim kann auch gemietet werden. Egal ob Hochzeit, Geburtstag, Taufe oder \u00e4hnlichem. Feiern Sie ihre besonderen Tage bei sch\u00f6nem Ambiente in unserem Sportheim. Vermietungen k\u00f6nnen \u00fcber tsg-bastheim@gmx.de oder direkt bei Burkhard Leicht angefragt werden.<\/p>\n","protected":false},"author":17,"featured_media":0,"parent":0,"menu_order":25,"comment_status":"closed","ping_status":"closed","template":"page-templates\/full-width-page.php","meta":{"ngg_post_thumbnail":0,"footnotes":""},"_links":{"self":[{"href":"https:\/\/www.tsg-bastheim.de\/index.php?rest_route=\/wp\/v2\/pages\/2795"}],"collection":[{"href":"https:\/\/www.tsg-bastheim.de\/index.php?rest_route=\/wp\/v2\/pages"}],"about":[{"href":"https:\/\/www.tsg-bastheim.de\/index.php?rest_route=\/wp\/v2\/types\/page"}],"author":[{"embeddable":true,"href":"https:\/\/www.tsg-bastheim.de\/index.php?rest_route=\/wp\/v2\/users\/17"}],"replies":[{"embeddable":true,"href":"https:\/\/www.tsg-bastheim.de\/index.php?rest_route=%2Fwp%2Fv2%2Fcomments&post=2795"}],"version-history":[{"count":4,"href":"https:\/\/www.tsg-bastheim.de\/index.php?rest_route=\/wp\/v2\/pages\/2795\/revisions"}],"predecessor-version":[{"id":3074,"href":"https:\/\/www.tsg-bastheim.de\/index.php?rest_route=\/wp\/v2\/pages\/2795\/revisions\/3074"}],"wp:attachment":[{"href":"https:\/\/www.tsg-bastheim.de\/index.php?rest_route=%2Fwp%2Fv2%2Fmedia&parent=2795"}],"curies":[{"name":"wp","href":"https:\/\/api.w.org\/{rel}","templated":true}]}}