{"id":2794,"date":"2020-11-25T20:22:17","date_gmt":"2020-11-25T19:22:17","guid":{"rendered":"https:\/\/www.tsg-bastheim.de\/?page_id=2794"},"modified":"2021-07-15T20:31:10","modified_gmt":"2021-07-15T19:31:10","slug":"fruehschoppen","status":"publish","type":"page","link":"https:\/\/www.tsg-bastheim.de\/?page_id=2794","title":{"rendered":"Fr\u00fchschoppen"},"content":{"rendered":"<div data-colibri-id=\"2794-c1\" class=\"style-988 style-local-2794-c1 position-relative\">\n  <!---->\n  <div data-colibri-component=\"section\" data-colibri-id=\"2794-c2\" id=\"custom\" class=\"h-section h-section-global-spacing d-flex align-items-lg-center align-items-md-center align-items-center style-989 style-local-2794-c2 position-relative\">\n    <!---->\n    <!---->\n    <div class=\"h-section-grid-container h-section-boxed-container\">\n      <!---->\n      <div data-colibri-id=\"2794-c3\" class=\"h-row-container gutters-row-lg-2 gutters-row-md-2 gutters-row-0 gutters-row-v-lg-2 gutters-row-v-md-2 gutters-row-v-2 style-990 style-local-2794-c3 position-relative\">\n        <!---->\n        <div class=\"h-row justify-content-lg-center justify-content-md-center justify-content-center align-items-lg-stretch align-items-md-stretch align-items-stretch gutters-col-lg-2 gutters-col-md-2 gutters-col-0 gutters-col-v-lg-2 gutters-col-v-md-2 gutters-col-v-2\">\n          <!---->\n          <div class=\"h-column h-column-container d-flex h-col-lg-auto h-col-md-auto h-col-auto style-991-outer style-local-2794-c4-outer\">\n            <div data-colibri-id=\"2794-c4\" class=\"d-flex h-flex-basis h-column__inner h-px-lg-2 h-px-md-2 h-px-2 v-inner-lg-2 v-inner-md-2 v-inner-2 style-991 style-local-2794-c4 position-relative\">\n              <!---->\n              <!---->\n              <div class=\"w-100 h-y-container h-column__content h-column__v-align flex-basis-100 align-self-lg-start align-self-md-start align-self-start\">\n                <!---->\n                <div data-colibri-id=\"2794-c6\" class=\"h-text h-text-component style-993 style-local-2794-c6 position-relative h-element\">\n                  <!---->\n                  <!---->\n                  <div class=\"\">\n                    <p>\n                      <br>\n                    <\/p>\n                    <p>\n                      <br>\n                    <\/p>\n                    <p>\n                      <br>\n                    <\/p>\n                    <p><span style=\"color: rgb(7, 7, 7);\">Immer Sonntag fr\u00fch ab 9.30 Uhr ist unser Sportheim zum Fr\u00fchschoppen ge\u00f6ffnet.<\/span><\/p>\n                    <p><span style=\"color: rgb(7, 7, 7);\">Wir freuen uns auf Ihren Besuch!<\/span><\/p>\n                    <p>\n                      <br>\n                    <\/p>\n                  <\/div>\n                <\/div>\n              <\/div>\n            <\/div>\n          <\/div>\n          <div class=\"h-column h-column-container d-flex h-col-lg-auto h-col-md-auto h-col-auto style-992-outer style-local-2794-c5-outer\">\n            <div data-colibri-id=\"2794-c5\" class=\"d-flex h-flex-basis h-column__inner h-px-lg-2 h-px-md-2 h-px-2 v-inner-lg-2 v-inner-md-2 v-inner-2 style-992 style-local-2794-c5 position-relative\">\n              <!---->\n              <!---->\n              <div class=\"w-100 h-y-container h-column__content h-column__v-align flex-basis-100 align-self-lg-start align-self-md-start align-self-start\">\n                <!---->\n                <div data-colibri-id=\"2794-c7\" class=\"d-block style-994 style-local-2794-c7 position-relative h-element\">\n                  <!---->\n                  <div class=\"h-image__frame-container-outer\">\n                    <div class=\"h-image__frame-container\">\n                      <!---->\n                      <!---->\n                      <img fetchpriority=\"high\" decoding=\"async\" width=\"443\" height=\"336\" src=\"https:\/\/www.tsg-bastheim.de\/wp-content\/uploads\/2021\/07\/cropped-DSC01035.jpg\" class=\"wp-image-3020 style-994-image style-local-2794-c7-image\" alt=\"\" srcset=\"https:\/\/www.tsg-bastheim.de\/wp-content\/uploads\/2021\/07\/cropped-DSC01035.jpg 443w, https:\/\/www.tsg-bastheim.de\/wp-content\/uploads\/2021\/07\/cropped-DSC01035-300x228.jpg 300w\" sizes=\"(max-width: 443px) 100vw, 443px\" \/>\n                      <div class=\"h-image__frame h-hide-lg h-hide-md h-hide-sm style-994-frameImage style-local-2794-c7-frameImage\"><\/div>\n                    <\/div>\n                  <\/div>\n                <\/div>\n              <\/div>\n            <\/div>\n          <\/div>\n        <\/div>\n      <\/div>\n    <\/div>\n  <\/div>\n<\/div>","protected":false},"excerpt":{"rendered":"<p>Immer Sonntag fr\u00fch ab 9.30 Uhr ist unser Sportheim zum Fr\u00fchschoppen ge\u00f6ffnet. Wir freuen uns auf Ihren Besuch!<\/p>\n","protected":false},"author":17,"featured_media":0,"parent":0,"menu_order":24,"comment_status":"closed","ping_status":"closed","template":"page-templates\/full-width-page.php","meta":{"ngg_post_thumbnail":0,"footnotes":""},"_links":{"self":[{"href":"https:\/\/www.tsg-bastheim.de\/index.php?rest_route=\/wp\/v2\/pages\/2794"}],"collection":[{"href":"https:\/\/www.tsg-bastheim.de\/index.php?rest_route=\/wp\/v2\/pages"}],"about":[{"href":"https:\/\/www.tsg-bastheim.de\/index.php?rest_route=\/wp\/v2\/types\/page"}],"author":[{"embeddable":true,"href":"https:\/\/www.tsg-bastheim.de\/index.php?rest_route=\/wp\/v2\/users\/17"}],"replies":[{"embeddable":true,"href":"https:\/\/www.tsg-bastheim.de\/index.php?rest_route=%2Fwp%2Fv2%2Fcomments&post=2794"}],"version-history":[{"count":2,"href":"https:\/\/www.tsg-bastheim.de\/index.php?rest_route=\/wp\/v2\/pages\/2794\/revisions"}],"predecessor-version":[{"id":3029,"href":"https:\/\/www.tsg-bastheim.de\/index.php?rest_route=\/wp\/v2\/pages\/2794\/revisions\/3029"}],"wp:attachment":[{"href":"https:\/\/www.tsg-bastheim.de\/index.php?rest_route=%2Fwp%2Fv2%2Fmedia&parent=2794"}],"curies":[{"name":"wp","href":"https:\/\/api.w.org\/{rel}","templated":true}]}}