{"id":2647,"date":"2020-11-19T20:09:40","date_gmt":"2020-11-19T19:09:40","guid":{"rendered":"https:\/\/www.tsg-bastheim.de\/?page_id=2647"},"modified":"2025-08-20T16:17:23","modified_gmt":"2025-08-20T15:17:23","slug":"juniorinnen","status":"publish","type":"page","link":"https:\/\/www.tsg-bastheim.de\/?page_id=2647","title":{"rendered":"Juniorinnen"},"content":{"rendered":"\n<p>Mit den Jugendmannschaften haben die fr\u00fcheren Trainer, einen sehr gro\u00dfen Grundstein gelegt. Hier wurde auch von den Trainern das Hauptaugenmerk darauf gerichtet, um immer Nachwuchs f\u00fcr die Damenmannschaft zu haben, eventuell sogar eine zweite Damenmannschaft zu erhalten.<\/p>\n\n\n\n<p>Es wird immer geschaut, wo sind Turniere wo man teilnehmen kann um den M\u00e4dels Spielerfahrung zu sammeln. Denn die Ligen in denen man gespielt hat, waren bei ca. 6 Mannschaften und die Anfahrtswege waren sogar im U15 Bereich sehr weit. Zeitweise haben die U15 M\u00e4dels bei den U13 Junioren mitgespielt um Ihnen einfach die Spielpraxis zu geben und zusammen zu wachsen.<\/p>\n\n\n\n<p>Man hat an Turnieren wie die VW Juniorenmasters teilgenommen, viele Kleinfeldturniere in der Region, sogar die Bayerischen Hallenmeisterschaften wurden bespielt.<\/p>\n\n\n\n<p>Unser aktueller Trainer, Thomas H\u00e4rder ist genauso wie Manuela Kraus bei den Damen: Sie leben den Frauenfu\u00dfball!<\/p>\n\n\n\n<p>Auch Du kannst mitspielen! Wenn Du Fu\u00dfballinteressiert bist, nicht nur mit Jungs zusammen spielen m\u00f6chtest, bist Du bei uns genau richtig! Melde Dich einfach bei unserem Trainer an zum Schnuppertraining!<\/p>\n\n\n\n<p><strong><em>Trainingszeiten:<\/em><\/strong><br><strong>Dienstag und Donnerstag<br>18:30 &#8211; 20:00 Uhr<\/strong><\/p>\n\n\n\n<p><strong><em>Trainer:<\/em> <em><br><\/em>Thomas H\u00e4rder (Herti)<br>Handy: 0178-9270025<\/strong><\/p>\n\n\n\n<p>Die Erfolge was die Trainer mit Ihren jeweiligen Mannschaften erreicht haben, sprechen f\u00fcr sich und kann man sich auf der Zunge zergehen lassen:<\/p>\n\n\n\n<p><strong><em>2008 \/ 2009:<\/em><\/strong><br>U-13 Meister Kleinfeld Gruppe Unterfranken<br>U-15 Meister Bezirksoberliga<br>U-17 3. Platz Bezirksliga<\/p>\n\n\n\n<p><strong><em>2009 \/ 2010:<\/em><\/strong><br>U-13 Meister Kleinfeld Gruppe Unterfranken<br>U-15 3.Platz Bezirksoberliga<br>U-15 3. Platz Bayerische Meisterschaft (Halle)<\/p>\n\n\n\n<p><strong><em>2010 \/ 2011:<\/em><\/strong><br>U-13 Meister Kleinfeld Gruppe Unterfranken<br>U-15 Meister Bezirksoberliga<br>U-17 Meister Bezirksliga<\/p>\n\n\n\n<p><strong><em>2011 \/ 2012:<\/em><\/strong><br>U-13 Meister Kleinfeld Gruppe Unterfranken<br>U-15 3. Platz Bezirksoberliga<br>U-17 Meister Bezirksoberliga<\/p>\n\n\n\n<p><strong><em>2012 \/ 2013:<\/em><\/strong><br>U-15 Meister Bezirksoberliga<br>U-17 8. Platz Landesliga<\/p>\n\n\n\n<p><strong><em>2013 \/ 2014:<\/em><\/strong><br>U-15 2. Platz Bezirksoberliga<br>U-17 4. Platz Bezirksliga<\/p>\n\n\n\n<p><strong><em>2014 \/ 2015:<\/em><\/strong><br>U-17 Meister Bezirksliga<\/p>\n\n\n\n<p><strong><em>2015 \/ 2016:<\/em><\/strong><br>U-17 5. Platz Bezirksliga <\/p>\n\n\n\n<p><strong><em>2016 \/ 2017:<\/em><\/strong><br>U-11 Sieger Bezirksturnier In W\u00fcrzburg<br>U-13 Unterfr\u00e4nkischer Hallenmeister in Karlstadt<br>6. Platz Holzinger-Cup in Passau<br>Bionade-Cup Ostheim vor der Rh\u00f6n:<br>U-13 10. Platz<br>U-15 8. Platz<br>Jugendturnier Mellrichstadt U-11 9. Platz<\/p>\n\n\n\n<p><strong><em>2017 \/ 2018:<\/em><\/strong><br>U13: 2. Platz\u00a01.Flessabankcup des FC Schweinfurt 05<br>U15: 1. Platz Hallenturnier 10-Jahre FFC08<br>U13: 4. Platz Hallenturnier 10-Jahre FFC08<br>U15: 1. Platz VW L\u00e4nderMasters 2018 in M\u00fcnchen<br>U15: 3. Platz VW JuniorMasters Deutschlandfinale 2018<br>U15: Meister Bezirksoberliga 2017\/2018<br>U17: 10. Platz Bezirksoberliga<\/p>\n\n\n\n<p>2018 \/ 2019:<br>U17: 2. Platz Bezirksoberliga (Verzicht auf Sonderaufstiegsrecht)<\/p>\n\n\n\n<p>2019 \/ 2020:<br>U17: 4. Platz Bezirksoberliga<br>U15: 9. Platz U13 Juniorenliga<\/p>\n\n\n\n<p>2020 \/ 2021:<br>U15: 1. Platz U13 Juniorenliga<\/p>\n","protected":false},"excerpt":{"rendered":"<p>Mit den Jugendmannschaften haben die fr\u00fcheren Trainer, einen sehr gro\u00dfen Grundstein gelegt. Hier wurde auch von den Trainern das Hauptaugenmerk darauf gerichtet, um immer Nachwuchs f\u00fcr die Damenmannschaft zu haben, eventuell sogar eine zweite Damenmannschaft zu erhalten. Es wird immer geschaut, wo sind Turniere wo man teilnehmen kann um den M\u00e4dels Spielerfahrung zu sammeln. Denn [&hellip;]<\/p>\n","protected":false},"author":17,"featured_media":0,"parent":0,"menu_order":14,"comment_status":"closed","ping_status":"closed","template":"","meta":{"ngg_post_thumbnail":0,"footnotes":""},"_links":{"self":[{"href":"https:\/\/www.tsg-bastheim.de\/index.php?rest_route=\/wp\/v2\/pages\/2647"}],"collection":[{"href":"https:\/\/www.tsg-bastheim.de\/index.php?rest_route=\/wp\/v2\/pages"}],"about":[{"href":"https:\/\/www.tsg-bastheim.de\/index.php?rest_route=\/wp\/v2\/types\/page"}],"author":[{"embeddable":true,"href":"https:\/\/www.tsg-bastheim.de\/index.php?rest_route=\/wp\/v2\/users\/17"}],"replies":[{"embeddable":true,"href":"https:\/\/www.tsg-bastheim.de\/index.php?rest_route=%2Fwp%2Fv2%2Fcomments&post=2647"}],"version-history":[{"count":4,"href":"https:\/\/www.tsg-bastheim.de\/index.php?rest_route=\/wp\/v2\/pages\/2647\/revisions"}],"predecessor-version":[{"id":3237,"href":"https:\/\/www.tsg-bastheim.de\/index.php?rest_route=\/wp\/v2\/pages\/2647\/revisions\/3237"}],"wp:attachment":[{"href":"https:\/\/www.tsg-bastheim.de\/index.php?rest_route=%2Fwp%2Fv2%2Fmedia&parent=2647"}],"curies":[{"name":"wp","href":"https:\/\/api.w.org\/{rel}","templated":true}]}}