{"id":2642,"date":"2020-11-19T20:09:40","date_gmt":"2020-11-19T19:09:40","guid":{"rendered":"https:\/\/www.tsg-bastheim.de\/?page_id=2642"},"modified":"2020-11-25T20:59:47","modified_gmt":"2020-11-25T19:59:47","slug":"rund-ums-sportheim","status":"publish","type":"page","link":"https:\/\/www.tsg-bastheim.de\/?page_id=2642","title":{"rendered":"Rund ums Sportheim"},"content":{"rendered":"<div data-colibri-id=\"2642-c1\" class=\"style-801 style-local-2642-c1 position-relative\">\n  <!---->\n  <div data-colibri-component=\"section\" data-colibri-id=\"2642-c2\" id=\"custom\" class=\"h-section h-section-global-spacing d-flex align-items-lg-center align-items-md-center align-items-center style-806 style-local-2642-c2 position-relative\">\n    <!---->\n    <!---->\n    <div class=\"h-section-grid-container h-section-boxed-container\">\n      <!---->\n      <div data-colibri-id=\"2642-c3\" class=\"h-row-container gutters-row-lg-2 gutters-row-md-2 gutters-row-0 gutters-row-v-lg-2 gutters-row-v-md-2 gutters-row-v-2 style-807 style-local-2642-c3 position-relative\">\n        <!---->\n        <div class=\"h-row justify-content-lg-center justify-content-md-center justify-content-center align-items-lg-stretch align-items-md-stretch align-items-stretch gutters-col-lg-2 gutters-col-md-2 gutters-col-0 gutters-col-v-lg-2 gutters-col-v-md-2 gutters-col-v-2\">\n          <!---->\n          <div class=\"h-column h-column-container d-flex h-col-lg-auto h-col-md-auto h-col-auto style-808-outer style-local-2642-c4-outer\">\n            <div data-colibri-id=\"2642-c4\" class=\"d-flex h-flex-basis h-column__inner h-px-lg-2 h-px-md-2 h-px-2 v-inner-lg-2 v-inner-md-2 v-inner-2 style-808 style-local-2642-c4 position-relative\">\n              <!---->\n              <!---->\n              <div class=\"w-100 h-y-container h-column__content h-column__v-align flex-basis-100 align-self-lg-center align-self-md-center align-self-center\">\n                <!---->\n                <div data-colibri-id=\"2642-c5\" class=\"d-block style-810 style-local-2642-c5 position-relative h-element\">\n                  <!---->\n                  <div class=\"h-image__frame-container-outer\">\n                    <div class=\"h-image__frame-container\">\n                      <!---->\n                      <!---->\n                      <img fetchpriority=\"high\" decoding=\"async\" width=\"634\" height=\"454\" src=\"https:\/\/www.tsg-bastheim.de\/wp-content\/uploads\/2020\/11\/Unbenannt.jpg\" class=\"wp-image-2834 style-810-image style-local-2642-c5-image\" alt=\"\" srcset=\"https:\/\/www.tsg-bastheim.de\/wp-content\/uploads\/2020\/11\/Unbenannt.jpg 634w, https:\/\/www.tsg-bastheim.de\/wp-content\/uploads\/2020\/11\/Unbenannt-300x215.jpg 300w\" sizes=\"(max-width: 634px) 100vw, 634px\" \/>\n                      <div class=\"h-image__frame h-hide-lg h-hide-md h-hide-sm style-810-frameImage style-local-2642-c5-frameImage\"><\/div>\n                    <\/div>\n                  <\/div>\n                <\/div>\n              <\/div>\n            <\/div>\n          <\/div>\n          <div class=\"h-column h-column-container d-flex h-col-lg-auto h-col-md-auto h-col-auto style-809-outer style-local-2642-c6-outer\">\n            <div data-colibri-id=\"2642-c6\" class=\"d-flex h-flex-basis h-column__inner h-px-lg-2 h-px-md-2 h-px-2 v-inner-lg-2 v-inner-md-2 v-inner-2 style-809 style-local-2642-c6 position-relative\">\n              <!---->\n              <!---->\n              <div class=\"w-100 h-y-container h-column__content h-column__v-align flex-basis-100 align-self-lg-center align-self-md-center align-self-center\">\n                <!---->\n                <div data-colibri-id=\"2642-c7\" class=\"h-text h-text-component style-811 style-local-2642-c7 position-relative h-element\">\n                  <!---->\n                  <!---->\n                  <div class=\"\">\n                    <p><span style=\"color: rgb(6, 6, 6);\">Das Sportheim der TSG Bastheim wurde xx erbaut. Anfangs nur mit je einer Kabine f\u00fcr die Heim und Gastmannschaft sowie einer Dusche. Im Jahr XX wurde dieses anschlie\u00dfend durch die Mitglieder renoviert und erweitert. Heute ist es f\u00fcr die Mitglieder weit mehr als nur ein Sportheim mit Umkleiden und Duschen.&nbsp;<\/span><\/p>\n                    <p><span style=\"color: rgb(6, 6, 6);\">Heute ist das Sportheim der zentrale Treffpunkt f\u00fcr die Mitglieder der TSG Bastheim. <\/span><\/p>\n                    <p><span style=\"color: rgb(6, 6, 6);\">Rund um das Sportheim herrscht ein stetiger Betrieb. Von Heimspielen der einzelnen Fu\u00dfballmannschaften, F\u00f6rdercamps der Jugend, Spiel Sport und Spa\u00df f\u00fcr gro\u00df und klein bis hin zum j\u00e4hrlichen Highlight &#8211; der Bastheimer &#8222;Beachbardy&#8220;.&nbsp;<\/span><\/p>\n                    <p><span style=\"color: rgb(6, 6, 6);\">Bei uns ist immer was los&#8230;<\/span><\/p>\n                  <\/div>\n                <\/div>\n              <\/div>\n            <\/div>\n          <\/div>\n        <\/div>\n      <\/div>\n    <\/div>\n  <\/div>\n<\/div>","protected":false},"excerpt":{"rendered":"<p>Das Sportheim der TSG Bastheim wurde xx erbaut. Anfangs nur mit je einer Kabine f\u00fcr die Heim und Gastmannschaft sowie einer Dusche. Im Jahr XX wurde dieses anschlie\u00dfend durch die Mitglieder renoviert und erweitert. Heute ist es f\u00fcr die Mitglieder weit mehr als nur ein Sportheim mit Umkleiden und Duschen.&nbsp; Heute ist das Sportheim der [&hellip;]<\/p>\n","protected":false},"author":17,"featured_media":0,"parent":0,"menu_order":8,"comment_status":"closed","ping_status":"closed","template":"page-templates\/full-width-page.php","meta":{"ngg_post_thumbnail":0,"footnotes":""},"_links":{"self":[{"href":"https:\/\/www.tsg-bastheim.de\/index.php?rest_route=\/wp\/v2\/pages\/2642"}],"collection":[{"href":"https:\/\/www.tsg-bastheim.de\/index.php?rest_route=\/wp\/v2\/pages"}],"about":[{"href":"https:\/\/www.tsg-bastheim.de\/index.php?rest_route=\/wp\/v2\/types\/page"}],"author":[{"embeddable":true,"href":"https:\/\/www.tsg-bastheim.de\/index.php?rest_route=\/wp\/v2\/users\/17"}],"replies":[{"embeddable":true,"href":"https:\/\/www.tsg-bastheim.de\/index.php?rest_route=%2Fwp%2Fv2%2Fcomments&post=2642"}],"version-history":[{"count":3,"href":"https:\/\/www.tsg-bastheim.de\/index.php?rest_route=\/wp\/v2\/pages\/2642\/revisions"}],"predecessor-version":[{"id":2844,"href":"https:\/\/www.tsg-bastheim.de\/index.php?rest_route=\/wp\/v2\/pages\/2642\/revisions\/2844"}],"wp:attachment":[{"href":"https:\/\/www.tsg-bastheim.de\/index.php?rest_route=%2Fwp%2Fv2%2Fmedia&parent=2642"}],"curies":[{"name":"wp","href":"https:\/\/api.w.org\/{rel}","templated":true}]}}